{"id":140,"date":"2023-06-26T14:43:40","date_gmt":"2023-06-26T12:43:40","guid":{"rendered":"https:\/\/dieidee-wolhusen.ch\/New\/\/?page_id=140"},"modified":"2024-07-04T13:54:45","modified_gmt":"2024-07-04T11:54:45","slug":"trauerfloristik","status":"publish","type":"page","link":"https:\/\/dieidee-wolhusen.ch\/New\/trauerfloristik\/","title":{"rendered":"Trauerfloristik"},"content":{"rendered":"<h1>Trauerfloristik<\/h1>\n<hr>\n<div>\n<p>Einen lieben Menschen zu verlieren ist sehr schwer. Wir beraten Sie umsichtig und gef\u00fchlvoll bei der Wahl der Trauerfloristik, sei es bei Kr\u00e4nzen, Trauerherze, Schleifentexten, Blumen f\u00fcr die Trauerfeier und Urnen-\/Sargschmuck.<\/p>\n<\/div>\n<ul>\n<li>\n<p>        <img decoding=\"async\" src=\"\/wp-content\/uploads\/2023\/06\/Urnenschmuck-weiss-scaled.jpeg\" alt=\"\"><\/p>\n<h3>Urnenschmuck weiss<\/h3>\n<\/li>\n<li>\n<p>        <img decoding=\"async\" src=\"\/wp-content\/uploads\/2023\/06\/Urnenschmuck-rosa-scaled.jpeg\" alt=\"\"><\/p>\n<h3>Urnenschmuck rosa<\/h3>\n<\/li>\n<li>\n<p>        <img decoding=\"async\" src=\"\/wp-content\/uploads\/2023\/06\/Urnenschmuck-orange-scaled.jpeg\" alt=\"\"><\/p>\n<h3>Urnenschmuck orange<\/h3>\n<\/li>\n<li>\n<p>        <img decoding=\"async\" src=\"\/wp-content\/uploads\/2023\/06\/Trauerschale-fruehling-scaled.jpeg\" alt=\"\"><\/p>\n<h3>Trauerschale fr\u00fchling<\/h3>\n<\/li>\n<li>\n<p>        <img decoding=\"async\" src=\"\/wp-content\/uploads\/2024\/07\/Gesteck-orange_rot_gelb-scaled.jpeg\" alt=\"\"><\/p>\n<h3>Gesteck orange rot gelb<\/h3>\n<\/li>\n<li>\n<p>        <img decoding=\"async\" src=\"\/wp-content\/uploads\/2024\/07\/Gesteck-rosa-scaled.jpeg\" alt=\"\"><\/p>\n<h3>Gesteck rosa<\/h3>\n<\/li>\n<li>\n<p>        <img decoding=\"async\" src=\"\/wp-content\/uploads\/2023\/06\/Trauerkorb-rot-gelb-scaled.jpg\" alt=\"\"><\/p>\n<h3>Trauerkorb rot-gelb<\/h3>\n<\/li>\n<li>\n<p>        <img decoding=\"async\" src=\"\/wp-content\/uploads\/2023\/06\/Schmetterling-scaled.jpeg\" alt=\"\"><\/p>\n<h3>Schmetterling<\/h3>\n<\/li>\n<li>\n<p>        <img decoding=\"async\" src=\"\/wp-content\/uploads\/2023\/06\/Kreuz.jpg\" alt=\"\"><\/p>\n<h3>Kreuz<\/h3>\n<\/li>\n<li>\n<p>        <img decoding=\"async\" src=\"\/wp-content\/uploads\/2023\/06\/kranz203.jpg\" alt=\"\"><\/p>\n<h3>kranz3<\/h3>\n<\/li>\n<li>\n<p>        <img decoding=\"async\" src=\"\/wp-content\/uploads\/2023\/06\/Kranz-rot-scaled.jpeg\" alt=\"\"><\/p>\n<h3>Kranz rot<\/h3>\n<\/li>\n<li>\n<p>        <img decoding=\"async\" src=\"\/wp-content\/uploads\/2023\/06\/Kranz-orange-scaled.jpeg\" alt=\"\"><\/p>\n<h3>Kranz orange<\/h3>\n<\/li>\n<li>\n<p>        <img decoding=\"async\" src=\"\/wp-content\/uploads\/2023\/06\/IMG_5031.jpeg\" alt=\"\"><\/p>\n<h3>IMG_5031<\/h3>\n<\/li>\n<li>\n<p>        <img decoding=\"async\" src=\"\/wp-content\/uploads\/2023\/06\/Herz-rot-scaled.jpg\" alt=\"\"><\/p>\n<h3>Herz rot<\/h3>\n<\/li>\n<li>\n<p>        <img decoding=\"async\" src=\"\/wp-content\/uploads\/2023\/06\/Herz-rosa.jpeg\" alt=\"\"><\/p>\n<h3>Herz rosa<\/h3>\n<\/li>\n<li>\n<p>        <img decoding=\"async\" src=\"\/wp-content\/uploads\/2023\/06\/Herz-orange.jpeg\" alt=\"\"><\/p>\n<h3>Herz orange<\/h3>\n<\/li>\n<\/ul>\n<p><!--more--><br \/>\n<!-- {\"type\":\"layout\",\"children\":[{\"name\":\"Default Layout\",\"type\":\"section\",\"props\":{\"image_position\":\"center-center\",\"style\":\"default\",\"title_breakpoint\":\"xl\",\"title_position\":\"top-left\",\"title_rotation\":\"left\",\"vertical_align\":\"middle\",\"width\":\"large\"},\"children\":[{\"type\":\"row\",\"children\":[{\"type\":\"column\",\"props\":{\"image_position\":\"center-center\",\"position_sticky_breakpoint\":\"m\",\"width_medium\":\"1-1\"},\"children\":[{\"type\":\"headline\",\"props\":{\"content\":\"Trauerfloristik\",\"title_element\":\"h1\"}},{\"type\":\"divider\",\"props\":{\"divider_element\":\"hr\",\"divider_style\":\"small\"}},{\"type\":\"text\",\"props\":{\"column_breakpoint\":\"m\",\"content\":\"\n\n<p>Einen lieben Menschen zu verlieren ist sehr schwer. Wir beraten Sie umsichtig und gef\\u00fchlvoll bei der Wahl der Trauerfloristik, sei es bei Kr\\u00e4nzen, Trauerherze, Schleifentexten, Blumen f\\u00fcr die Trauerfeier und Urnen-\\\/Sargschmuck.<\\\/p>\",\"margin\":\"default\"}}]}]}]},{\"name\":\"Default Gallery\",\"type\":\"section\",\"props\":{\"image_position\":\"center-center\",\"style\":\"muted\",\"title_breakpoint\":\"xl\",\"title_position\":\"top-left\",\"title_rotation\":\"left\",\"vertical_align\":\"middle\",\"width\":\"large\"},\"children\":[{\"type\":\"row\",\"children\":[{\"type\":\"column\",\"props\":{\"image_position\":\"center-center\",\"position_sticky_breakpoint\":\"m\",\"width_medium\":\"1-1\"},\"children\":[{\"type\":\"gallery\",\"props\":{\"animation\":\"scale-up\",\"filter\":false,\"filter_align\":\"left\",\"filter_all\":true,\"filter_grid_breakpoint\":\"m\",\"filter_grid_width\":\"auto\",\"filter_position\":\"top\",\"filter_style\":\"tab\",\"grid_column_gap\":\"medium\",\"grid_default\":\"1\",\"grid_divider\":false,\"grid_masonry\":\"next\",\"grid_medium\":\"4\",\"grid_row_gap\":\"medium\",\"grid_small\":\"3\",\"image_height\":\"350\",\"image_transition\":\"scale-up\",\"image_width\":\"250\",\"item_animation\":true,\"lightbox\":true,\"link_style\":\"default\",\"link_text\":\"\",\"margin\":\"default\",\"meta_align\":\"below-title\",\"meta_element\":\"div\",\"meta_style\":\"text-meta\",\"overlay_hover\":true,\"overlay_link\":true,\"overlay_mode\":\"cover\",\"overlay_position\":\"center\",\"overlay_style\":\"overlay-primary\",\"overlay_transition\":\"fade\",\"parallax_easing\":\"1\",\"show_content\":false,\"show_hover_image\":false,\"show_link\":false,\"show_meta\":false,\"show_title\":false,\"text_align\":\"center\",\"text_color\":\"light\",\"title_element\":\"h3\",\"title_hover_style\":\"reset\"},\"children\":[{\"type\":\"gallery_item\",\"props\":{\"image\":\"wp-content\\\/uploads\\\/2023\\\/06\\\/Urnenschmuck-weiss-scaled.jpeg\",\"title\":\"Urnenschmuck weiss\"}},{\"type\":\"gallery_item\",\"props\":{\"image\":\"wp-content\\\/uploads\\\/2023\\\/06\\\/Urnenschmuck-rosa-scaled.jpeg\",\"title\":\"Urnenschmuck rosa\"}},{\"type\":\"gallery_item\",\"props\":{\"image\":\"wp-content\\\/uploads\\\/2023\\\/06\\\/Urnenschmuck-orange-scaled.jpeg\",\"title\":\"Urnenschmuck orange\"}},{\"type\":\"gallery_item\",\"props\":{\"image\":\"wp-content\\\/uploads\\\/2023\\\/06\\\/Trauerschale-fruehling-scaled.jpeg\",\"title\":\"Trauerschale fr\\u00fchling\"}},{\"type\":\"gallery_item\",\"props\":{\"image\":\"wp-content\\\/uploads\\\/2024\\\/07\\\/Gesteck-orange_rot_gelb-scaled.jpeg\",\"title\":\"Gesteck orange rot gelb\"}},{\"type\":\"gallery_item\",\"props\":{\"image\":\"wp-content\\\/uploads\\\/2024\\\/07\\\/Gesteck-rosa-scaled.jpeg\",\"title\":\"Gesteck rosa\"}},{\"type\":\"gallery_item\",\"props\":{\"image\":\"wp-content\\\/uploads\\\/2023\\\/06\\\/Trauerkorb-rot-gelb-scaled.jpg\",\"title\":\"Trauerkorb rot-gelb\"}},{\"type\":\"gallery_item\",\"props\":{\"image\":\"wp-content\\\/uploads\\\/2023\\\/06\\\/Schmetterling-scaled.jpeg\",\"title\":\"Schmetterling\"}},{\"type\":\"gallery_item\",\"props\":{\"image\":\"wp-content\\\/uploads\\\/2023\\\/06\\\/Kreuz.jpg\",\"title\":\"Kreuz\"}},{\"type\":\"gallery_item\",\"props\":{\"image\":\"wp-content\\\/uploads\\\/2023\\\/06\\\/kranz203.jpg\",\"title\":\"kranz3\"}},{\"type\":\"gallery_item\",\"props\":{\"image\":\"wp-content\\\/uploads\\\/2023\\\/06\\\/Kranz-rot-scaled.jpeg\",\"title\":\"Kranz rot\"}},{\"type\":\"gallery_item\",\"props\":{\"image\":\"wp-content\\\/uploads\\\/2023\\\/06\\\/Kranz-orange-scaled.jpeg\",\"title\":\"Kranz orange\"}},{\"type\":\"gallery_item\",\"props\":{\"image\":\"wp-content\\\/uploads\\\/2023\\\/06\\\/IMG_5031.jpeg\",\"title\":\"IMG_5031\"}},{\"type\":\"gallery_item\",\"props\":{\"image\":\"wp-content\\\/uploads\\\/2023\\\/06\\\/Herz-rot-scaled.jpg\",\"title\":\"Herz rot\"}},{\"type\":\"gallery_item\",\"props\":{\"image\":\"wp-content\\\/uploads\\\/2023\\\/06\\\/Herz-rosa.jpeg\",\"title\":\"Herz rosa\"}},{\"type\":\"gallery_item\",\"props\":{\"image\":\"wp-content\\\/uploads\\\/2023\\\/06\\\/Herz-orange.jpeg\",\"title\":\"Herz orange\"}}]}]}]}]}],\"version\":\"4.3.4\"} --><\/p>\n","protected":false},"excerpt":{"rendered":"<p>Trauerfloristik Einen lieben Menschen zu verlieren ist sehr schwer. Wir beraten Sie umsichtig und gef\u00fchlvoll bei der Wahl der Trauerfloristik, sei es bei Kr\u00e4nzen, Trauerherze, Schleifentexten, Blumen f\u00fcr die Trauerfeier und Urnen-\/Sargschmuck. Urnenschmuck weiss Urnenschmuck rosa Urnenschmuck orange Trauerschale fr\u00fchling Gesteck orange rot gelb Gesteck rosa Trauerkorb rot-gelb Schmetterling Kreuz kranz3 Kranz rot Kranz orange [&hellip;]<\/p>\n","protected":false},"author":1,"featured_media":0,"parent":0,"menu_order":0,"comment_status":"closed","ping_status":"closed","template":"","meta":{"footnotes":""},"class_list":["post-140","page","type-page","status-publish","hentry"],"_links":{"self":[{"href":"https:\/\/dieidee-wolhusen.ch\/New\/wp-json\/wp\/v2\/pages\/140","targetHints":{"allow":["GET"]}}],"collection":[{"href":"https:\/\/dieidee-wolhusen.ch\/New\/wp-json\/wp\/v2\/pages"}],"about":[{"href":"https:\/\/dieidee-wolhusen.ch\/New\/wp-json\/wp\/v2\/types\/page"}],"author":[{"embeddable":true,"href":"https:\/\/dieidee-wolhusen.ch\/New\/wp-json\/wp\/v2\/users\/1"}],"replies":[{"embeddable":true,"href":"https:\/\/dieidee-wolhusen.ch\/New\/wp-json\/wp\/v2\/comments?post=140"}],"version-history":[{"count":11,"href":"https:\/\/dieidee-wolhusen.ch\/New\/wp-json\/wp\/v2\/pages\/140\/revisions"}],"predecessor-version":[{"id":820,"href":"https:\/\/dieidee-wolhusen.ch\/New\/wp-json\/wp\/v2\/pages\/140\/revisions\/820"}],"wp:attachment":[{"href":"https:\/\/dieidee-wolhusen.ch\/New\/wp-json\/wp\/v2\/media?parent=140"}],"curies":[{"name":"wp","href":"https:\/\/api.w.org\/{rel}","templated":true}]}}