{"id":163,"date":"2023-06-26T14:55:09","date_gmt":"2023-06-26T12:55:09","guid":{"rendered":"https:\/\/dieidee-wolhusen.ch\/New\/\/?page_id=163"},"modified":"2024-07-04T14:22:32","modified_gmt":"2024-07-04T12:22:32","slug":"pflanzen","status":"publish","type":"page","link":"https:\/\/dieidee-wolhusen.ch\/New\/pflanzen\/","title":{"rendered":"Pflanzen"},"content":{"rendered":"<h1>Pflanzen<\/h1>\n<hr>\n<div>\n<p>Eine grosse und sch\u00f6ne Auswahl, ausgesuchter Pflanzen mit passenden Gef\u00e4ssen f\u00fcr Ihr Zuhause, B\u00fcro oder als Geschenk. Wir beraten Sie bei uns im Gesch\u00e4ft, wenn es um Ihre individuelle Begr\u00fcnungen im Innen- und Aussenbereich geht.<\/p>\n<\/div>\n<ul>\n<li>\n<p>        <img decoding=\"async\" src=\"\/wp-content\/uploads\/2024\/07\/Edelweiss-scaled.jpg\" alt=\"\"><\/p>\n<h3>Edelweiss<\/h3>\n<\/li>\n<li>\n<p>        <img decoding=\"async\" src=\"\/wp-content\/uploads\/2023\/06\/Pflanzen-3-scaled.jpeg\" alt=\"\"><\/p>\n<h3>Pflanzen (3)<\/h3>\n<\/li>\n<li>\n<p>        <img decoding=\"async\" src=\"\/wp-content\/uploads\/2023\/06\/Pflanzen-6-scaled.jpg\" alt=\"\"><\/p>\n<h3>Pflanzen (6)<\/h3>\n<\/li>\n<li>\n<p>        <img decoding=\"async\" src=\"\/wp-content\/uploads\/2024\/07\/Sukkulente-scaled.jpg\" alt=\"\"><\/p>\n<h3>Pflanzen<\/h3>\n<\/li>\n<li>\n<p>        <img decoding=\"async\" src=\"\/wp-content\/uploads\/2023\/06\/Pflanzen-2.jpg\" alt=\"\"><\/p>\n<h3>Pflanzen (2)<\/h3>\n<\/li>\n<li>\n<p>        <img decoding=\"async\" src=\"\/wp-content\/uploads\/2023\/06\/Pflanzen-5-scaled.jpg\" alt=\"\"><\/p>\n<h3>Pflanzen (5)<\/h3>\n<\/li>\n<li>\n<p>        <img decoding=\"async\" src=\"\/wp-content\/uploads\/2023\/06\/Pflanzen-4-scaled.jpg\" alt=\"\"><\/p>\n<h3>Pflanzen (4)<\/h3>\n<\/li>\n<li>\n<p>        <img decoding=\"async\" src=\"\/wp-content\/uploads\/2023\/06\/Pflanzen-3.jpg\" alt=\"\"><\/p>\n<h3>Pflanzen (3)<\/h3>\n<\/li>\n<li>\n<p>        <img decoding=\"async\" src=\"\/wp-content\/uploads\/2023\/06\/Pflanzen-2-scaled.jpeg\" alt=\"\"><\/p>\n<h3>Pflanzen (2)<\/h3>\n<\/li>\n<li>\n<p>        <img decoding=\"async\" src=\"\/wp-content\/uploads\/2023\/06\/Pflanzen-1.jpg\" alt=\"\"><\/p>\n<h3>Pflanzen (1)<\/h3>\n<\/li>\n<li>\n<p>        <img decoding=\"async\" src=\"\/wp-content\/uploads\/2023\/06\/Pflanzen-1-scaled.jpeg\" alt=\"\"><\/p>\n<h3>Pflanzen (1)<\/h3>\n<\/li>\n<li>\n<p>        <img decoding=\"async\" src=\"\/wp-content\/uploads\/2024\/07\/Pflanze-scaled.jpg\" alt=\"\"><\/p>\n<h3>Pflanze<\/h3>\n<\/li>\n<\/ul>\n<p><!--more--><br \/>\n<!-- {\"type\":\"layout\",\"children\":[{\"name\":\"Default Layout\",\"type\":\"section\",\"props\":{\"image_position\":\"center-center\",\"style\":\"default\",\"title_breakpoint\":\"xl\",\"title_position\":\"top-left\",\"title_rotation\":\"left\",\"vertical_align\":\"middle\",\"width\":\"large\"},\"children\":[{\"type\":\"row\",\"children\":[{\"type\":\"column\",\"props\":{\"image_position\":\"center-center\",\"position_sticky_breakpoint\":\"m\",\"width_medium\":\"1-1\"},\"children\":[{\"type\":\"headline\",\"props\":{\"content\":\"Pflanzen\",\"title_element\":\"h1\"}},{\"type\":\"divider\",\"props\":{\"divider_element\":\"hr\",\"divider_style\":\"small\"}},{\"type\":\"text\",\"props\":{\"column_breakpoint\":\"m\",\"content\":\"\n\n<p>Eine grosse und sch\\u00f6ne Auswahl, ausgesuchter Pflanzen mit passenden Gef\\u00e4ssen f\\u00fcr Ihr Zuhause, B\\u00fcro oder als Geschenk. Wir beraten Sie bei uns im Gesch\\u00e4ft, wenn es um Ihre individuelle Begr\\u00fcnungen im Innen- und Aussenbereich geht.<\\\/p>\",\"margin\":\"default\"}}]}]}]},{\"name\":\"Default Gallery\",\"type\":\"section\",\"props\":{\"image_position\":\"center-center\",\"style\":\"muted\",\"title_breakpoint\":\"xl\",\"title_position\":\"top-left\",\"title_rotation\":\"left\",\"vertical_align\":\"middle\",\"width\":\"large\"},\"children\":[{\"type\":\"row\",\"children\":[{\"type\":\"column\",\"props\":{\"image_position\":\"center-center\",\"position_sticky_breakpoint\":\"m\",\"width_medium\":\"1-1\"},\"children\":[{\"type\":\"gallery\",\"props\":{\"animation\":\"scale-up\",\"filter_align\":\"left\",\"filter_all\":true,\"filter_grid_breakpoint\":\"m\",\"filter_grid_width\":\"auto\",\"filter_position\":\"top\",\"filter_style\":\"tab\",\"grid_column_gap\":\"medium\",\"grid_default\":\"1\",\"grid_divider\":false,\"grid_masonry\":\"next\",\"grid_medium\":\"4\",\"grid_row_gap\":\"medium\",\"grid_small\":\"3\",\"image_height\":\"350\",\"image_transition\":\"scale-up\",\"image_width\":\"250\",\"item_animation\":true,\"lightbox\":true,\"link_style\":\"default\",\"link_text\":\"\",\"margin\":\"default\",\"meta_align\":\"below-title\",\"meta_element\":\"div\",\"meta_style\":\"text-meta\",\"overlay_hover\":true,\"overlay_link\":true,\"overlay_mode\":\"cover\",\"overlay_position\":\"center\",\"overlay_style\":\"overlay-primary\",\"overlay_transition\":\"fade\",\"parallax_easing\":\"1\",\"show_content\":false,\"show_hover_image\":false,\"show_link\":false,\"show_meta\":false,\"show_title\":false,\"text_align\":\"center\",\"text_color\":\"light\",\"title_element\":\"h3\",\"title_hover_style\":\"reset\"},\"children\":[{\"type\":\"gallery_item\",\"props\":{\"image\":\"wp-content\\\/uploads\\\/2024\\\/07\\\/Edelweiss-scaled.jpg\",\"title\":\"Edelweiss\"}},{\"type\":\"gallery_item\",\"props\":{\"image\":\"wp-content\\\/uploads\\\/2023\\\/06\\\/Pflanzen-3-scaled.jpeg\",\"title\":\"Pflanzen (3)\"}},{\"type\":\"gallery_item\",\"props\":{\"image\":\"wp-content\\\/uploads\\\/2023\\\/06\\\/Pflanzen-6-scaled.jpg\",\"title\":\"Pflanzen (6)\"}},{\"type\":\"gallery_item\",\"props\":{\"image\":\"wp-content\\\/uploads\\\/2024\\\/07\\\/Sukkulente-scaled.jpg\",\"title\":\"Pflanzen\"}},{\"type\":\"gallery_item\",\"props\":{\"image\":\"wp-content\\\/uploads\\\/2023\\\/06\\\/Pflanzen-2.jpg\",\"title\":\"Pflanzen (2)\"}},{\"type\":\"gallery_item\",\"props\":{\"image\":\"wp-content\\\/uploads\\\/2023\\\/06\\\/Pflanzen-5-scaled.jpg\",\"title\":\"Pflanzen (5)\"}},{\"type\":\"gallery_item\",\"props\":{\"image\":\"wp-content\\\/uploads\\\/2023\\\/06\\\/Pflanzen-4-scaled.jpg\",\"title\":\"Pflanzen (4)\"}},{\"type\":\"gallery_item\",\"props\":{\"image\":\"wp-content\\\/uploads\\\/2023\\\/06\\\/Pflanzen-3.jpg\",\"title\":\"Pflanzen (3)\"}},{\"type\":\"gallery_item\",\"props\":{\"image\":\"wp-content\\\/uploads\\\/2023\\\/06\\\/Pflanzen-2-scaled.jpeg\",\"title\":\"Pflanzen (2)\"}},{\"type\":\"gallery_item\",\"props\":{\"image\":\"wp-content\\\/uploads\\\/2023\\\/06\\\/Pflanzen-1.jpg\",\"title\":\"Pflanzen (1)\"}},{\"type\":\"gallery_item\",\"props\":{\"image\":\"wp-content\\\/uploads\\\/2023\\\/06\\\/Pflanzen-1-scaled.jpeg\",\"title\":\"Pflanzen (1)\"}},{\"type\":\"gallery_item\",\"props\":{\"image\":\"wp-content\\\/uploads\\\/2024\\\/07\\\/Pflanze-scaled.jpg\",\"title\":\"Pflanze\"}}]}]}]}]}],\"version\":\"4.3.4\"} --><\/p>\n","protected":false},"excerpt":{"rendered":"<p>Pflanzen Eine grosse und sch\u00f6ne Auswahl, ausgesuchter Pflanzen mit passenden Gef\u00e4ssen f\u00fcr Ihr Zuhause, B\u00fcro oder als Geschenk. Wir beraten Sie bei uns im Gesch\u00e4ft, wenn es um Ihre individuelle Begr\u00fcnungen im Innen- und Aussenbereich geht. Edelweiss Pflanzen (3) Pflanzen (6) Pflanzen Pflanzen (2) Pflanzen (5) Pflanzen (4) Pflanzen (3) Pflanzen (2) Pflanzen (1) Pflanzen [&hellip;]<\/p>\n","protected":false},"author":1,"featured_media":0,"parent":0,"menu_order":0,"comment_status":"closed","ping_status":"closed","template":"","meta":{"footnotes":""},"class_list":["post-163","page","type-page","status-publish","hentry"],"_links":{"self":[{"href":"https:\/\/dieidee-wolhusen.ch\/New\/wp-json\/wp\/v2\/pages\/163","targetHints":{"allow":["GET"]}}],"collection":[{"href":"https:\/\/dieidee-wolhusen.ch\/New\/wp-json\/wp\/v2\/pages"}],"about":[{"href":"https:\/\/dieidee-wolhusen.ch\/New\/wp-json\/wp\/v2\/types\/page"}],"author":[{"embeddable":true,"href":"https:\/\/dieidee-wolhusen.ch\/New\/wp-json\/wp\/v2\/users\/1"}],"replies":[{"embeddable":true,"href":"https:\/\/dieidee-wolhusen.ch\/New\/wp-json\/wp\/v2\/comments?post=163"}],"version-history":[{"count":7,"href":"https:\/\/dieidee-wolhusen.ch\/New\/wp-json\/wp\/v2\/pages\/163\/revisions"}],"predecessor-version":[{"id":826,"href":"https:\/\/dieidee-wolhusen.ch\/New\/wp-json\/wp\/v2\/pages\/163\/revisions\/826"}],"wp:attachment":[{"href":"https:\/\/dieidee-wolhusen.ch\/New\/wp-json\/wp\/v2\/media?parent=163"}],"curies":[{"name":"wp","href":"https:\/\/api.w.org\/{rel}","templated":true}]}}