{"id":17,"date":"2023-06-26T10:29:45","date_gmt":"2023-06-26T08:29:45","guid":{"rendered":"https:\/\/dieidee-wolhusen.ch\/New\/\/?page_id=17"},"modified":"2023-12-20T14:20:48","modified_gmt":"2023-12-20T13:20:48","slug":"blumenabo","status":"publish","type":"page","link":"https:\/\/dieidee-wolhusen.ch\/New\/blumenabo\/","title":{"rendered":"Blumenabo"},"content":{"rendered":"<h1>Blumenabonnemente<\/h1>\n<hr>\n<div>\n<p>Ein\u00a0nachhaltiges Geschenk, mit welchem Sie einer lieben Person\u00a0lange Freude bereiten.<\/p>\n<p>Gerne auch f\u00fcr Ihren Empfang, in Wartezimmer einer Praxis, im Besprechungszimmer oder B\u00fcro liefern wir Ihnen im gew\u00fcnschten Zyklus floristische Ideen in Ihre Firma.<\/p>\n<p>Teilen Sie uns Ihre W\u00fcnsche direkt im Gesch\u00e4ft mit, oder bestellen Sie unter\u00a0<br \/><strong>Tel. 041 490 01 42<\/strong>\u00a0oder nehmen Sie mit uns <a href=\"\/New\/index.php?option=com_content&amp;view=article&amp;id=14&amp;catid=2\">Kontakt<\/a>\u00a0auf.\u00a0<\/p>\n<p>Sie bestimmen und wir gestaltet und liefern Ihnen die Arrangements oder den Blumengruss p\u00fcnktlich an den gew\u00fcnschten Ort.<\/p>\n<\/div>\n<p><img decoding=\"async\" src=\"\/New\/wp-content\/uploads\/2023\/06\/Blumenabo.jpg\" alt=\"Blumenabo die Idee Wolhusen\"><\/p>\n<p><!--more--><br \/>\n<!-- {\"type\":\"layout\",\"children\":[{\"name\":\"Default Layout\",\"type\":\"section\",\"props\":{\"image_position\":\"center-center\",\"style\":\"default\",\"title_breakpoint\":\"xl\",\"title_position\":\"top-left\",\"title_rotation\":\"left\",\"vertical_align\":\"middle\",\"width\":\"large\"},\"children\":[{\"type\":\"row\",\"props\":{\"layout\":\"2-3,1-3\"},\"children\":[{\"type\":\"column\",\"props\":{\"image_position\":\"center-center\",\"position_sticky_breakpoint\":\"m\",\"width_medium\":\"2-3\"},\"children\":[{\"type\":\"headline\",\"props\":{\"content\":\"Blumenabonnemente\",\"title_element\":\"h1\"}},{\"type\":\"divider\",\"props\":{\"divider_element\":\"hr\",\"divider_style\":\"small\"}},{\"type\":\"text\",\"props\":{\"column_breakpoint\":\"m\",\"content\":\"\n\n<p>Ein\\u00a0nachhaltiges Geschenk, mit welchem Sie einer lieben Person\\u00a0lange Freude bereiten.<\\\/p>\\n\n\n<p>Gerne auch f\\u00fcr Ihren Empfang, in Wartezimmer einer Praxis, im Besprechungszimmer oder B\\u00fcro liefern wir Ihnen im gew\\u00fcnschten Zyklus floristische Ideen in Ihre Firma.<\\\/p>\\n\n\n<p>Teilen Sie uns Ihre W\\u00fcnsche direkt im Gesch\\u00e4ft mit, oder bestellen Sie unter\\u00a0<br \\\/><strong>Tel. 041 490 01 42<\\\/strong>\\u00a0oder nehmen Sie mit uns <a href=\\\"index.php?option=com_content&amp;view=article&amp;id=14&amp;catid=2\\\">Kontakt<\\\/a>\\u00a0auf.\\u00a0<\\\/p>\\n\n\n<p>Sie bestimmen und wir gestaltet und liefern Ihnen die Arrangements oder den Blumengruss p\\u00fcnktlich an den gew\\u00fcnschten Ort.<\\\/p>\",\"margin\":\"default\"}}]},{\"type\":\"column\",\"props\":{\"image_position\":\"center-center\",\"position_sticky_breakpoint\":\"m\",\"width_medium\":\"1-3\"},\"children\":[{\"type\":\"image\",\"props\":{\"image\":\"wp-content\\\/uploads\\\/2023\\\/06\\\/Blumenabo.jpg\",\"image_alt\":\"Blumenabo die Idee Wolhusen\",\"image_border\":\"pill\",\"image_box_shadow\":\"medium\",\"image_svg_color\":\"emphasis\",\"margin\":\"default\"}}]}]}]}],\"version\":\"4.2.11\"} --><\/p>\n","protected":false},"excerpt":{"rendered":"<p>Blumenabonnemente Ein\u00a0nachhaltiges Geschenk, mit welchem Sie einer lieben Person\u00a0lange Freude bereiten. Gerne auch f\u00fcr Ihren Empfang, in Wartezimmer einer Praxis, im Besprechungszimmer oder B\u00fcro liefern wir Ihnen im gew\u00fcnschten Zyklus floristische Ideen in Ihre Firma. Teilen Sie uns Ihre W\u00fcnsche direkt im Gesch\u00e4ft mit, oder bestellen Sie unter\u00a0Tel. 041 490 01 42\u00a0oder nehmen Sie mit [&hellip;]<\/p>\n","protected":false},"author":1,"featured_media":0,"parent":0,"menu_order":0,"comment_status":"closed","ping_status":"closed","template":"","meta":{"footnotes":""},"class_list":["post-17","page","type-page","status-publish","hentry"],"_links":{"self":[{"href":"https:\/\/dieidee-wolhusen.ch\/New\/wp-json\/wp\/v2\/pages\/17","targetHints":{"allow":["GET"]}}],"collection":[{"href":"https:\/\/dieidee-wolhusen.ch\/New\/wp-json\/wp\/v2\/pages"}],"about":[{"href":"https:\/\/dieidee-wolhusen.ch\/New\/wp-json\/wp\/v2\/types\/page"}],"author":[{"embeddable":true,"href":"https:\/\/dieidee-wolhusen.ch\/New\/wp-json\/wp\/v2\/users\/1"}],"replies":[{"embeddable":true,"href":"https:\/\/dieidee-wolhusen.ch\/New\/wp-json\/wp\/v2\/comments?post=17"}],"version-history":[{"count":4,"href":"https:\/\/dieidee-wolhusen.ch\/New\/wp-json\/wp\/v2\/pages\/17\/revisions"}],"predecessor-version":[{"id":489,"href":"https:\/\/dieidee-wolhusen.ch\/New\/wp-json\/wp\/v2\/pages\/17\/revisions\/489"}],"wp:attachment":[{"href":"https:\/\/dieidee-wolhusen.ch\/New\/wp-json\/wp\/v2\/media?parent=17"}],"curies":[{"name":"wp","href":"https:\/\/api.w.org\/{rel}","templated":true}]}}