{"id":19,"date":"2023-06-26T10:30:10","date_gmt":"2023-06-26T08:30:10","guid":{"rendered":"https:\/\/dieidee-wolhusen.ch\/New\/\/?page_id=19"},"modified":"2024-04-22T14:14:03","modified_gmt":"2024-04-22T12:14:03","slug":"hauslieferung","status":"publish","type":"page","link":"https:\/\/dieidee-wolhusen.ch\/New\/hauslieferung\/","title":{"rendered":"Hauslieferung"},"content":{"rendered":"<h1>Unsere Lieferdienste<\/h1>\n<hr>\n<div>\n<p>Auf Bestellung bringen wir f\u00fcr Sie Str\u00e4usse, Gestecke, Blumengr\u00fcsse und Grusskarten mit Genesungsw\u00fcnschen ins Regionalspital Wolhusen. Auch Hauslieferungen oder Lieferungen an regional verankerten Firmen sind gegen eine kleine Liefergeb\u00fchr jederzeit m\u00f6glich.<\/p>\n<p>Kostenlos ist bei uns das Liefern der Trauerarrangement in die Totenkapelle in Wolhusen und Werthenstein.<\/p>\n<p>Um Ihr Blumengruss rechtzeitig vorbereiten und ausliefern zu k\u00f6nnen, k\u00f6nnen Sie Ihre\u00a0Bestellungen\u00a0<a href=\"\/index.php?option=com_content&amp;view=article&amp;id=14&amp;catid=2\">per Mail<\/a>\u00a0oder auch via Telefon unter der \u00a0<br \/>Nummer \u00a0<strong>041 490 01 42<\/strong>\u00a0\u00a0aufgeben.<\/p>\n<p>Bitte beachten Sie, dass Onlinebestellungen und Hauslieferdienst nur w\u00e4hrend unseren Laden\u00f6ffnungszeiten und innerhalb eines halben Tages erfolgen bzw. ausgef\u00fchrt werden k\u00f6nnen. Terminierte Bestellungen, m\u00fcssen deshalb mindestens einen halben Tag zum Voraus bestellt werden.<\/p>\n<p><strong>Die anfallenden Lieferkosten werden wie folgt berechnet:<\/strong><\/p>\n<ul>\n<li><strong>Spital Wolhusen<\/strong>\u00a0(bei Rechnung Fr. 7.- \/ bei Barzahlung Fr. 5.-)<\/li>\n<li><strong>Wolhusen\u00a0<\/strong>(bei Rechnung Fr. 7.- \/ bei Barzahlung Fr. 5.-)<\/li>\n<li><strong>Werthenstein <\/strong>(bei Rechnung Fr. 10.- \/ bei Barzahlung Fr. 8.-)<\/li>\n<li><strong>Ebnet<\/strong> (bei Rechnung Fr. 12.- \/ bei Barzahlung Fr. 10.-)<\/li>\n<li><strong>Entlebuch<\/strong> (bei Rechnung Fr. 17.- \/ bei Barzahlung Fr. 15.-)<\/li>\n<li><strong>Schachen, Menznau, Romoos, Doppleschwand, Fontannen, ganzes Entlebuch und Ruswil.<\/strong>\u00a0(auf Anfrage)<\/li>\n<\/ul>\n<\/div>\n<ul>\n<li>\n<p>        <img decoding=\"async\" src=\"\/wp-content\/uploads\/2023\/06\/Lieferung.jpg\" alt=\"Lieferdienst die Idee Wolhusen\"><\/p>\n<h3>Lieferdienst die Idee Wolhusen<\/h3>\n<\/li>\n<li>\n<p>        <img decoding=\"async\" src=\"\/wp-content\/uploads\/2023\/06\/Lieferung_2.jpg\" alt=\"Lieferdienst die Idee Wolhusen\"><\/p>\n<h3>Lieferdienst die Idee Wolhusen<\/h3>\n<\/li>\n<li>\n<p>        <img decoding=\"async\" src=\"\/wp-content\/uploads\/2023\/06\/Lieferung_3.jpg\" alt=\"Lieferdienst die Idee Wolhusen\"><\/p>\n<h3>Lieferdienst die Idee Wolhusen<\/h3>\n<\/li>\n<li>\n<p>        <img decoding=\"async\" src=\"\/wp-content\/uploads\/2023\/06\/Lieferung_4.jpg\" alt=\"Lieferdienst die Idee Wolhusen\"><\/p>\n<h3>Lieferdienst die Idee Wolhusen<\/h3>\n<\/li>\n<li>\n<p>        <img decoding=\"async\" src=\"\/wp-content\/uploads\/2023\/06\/Lieferung_6.jpg\" alt=\"Lieferdienst die Idee Wolhusen\"><\/p>\n<h3>Lieferdienst die Idee Wolhusen<\/h3>\n<\/li>\n<li>\n<p>        <img decoding=\"async\" src=\"\/wp-content\/uploads\/2023\/06\/Lieferung_5.jpg\" alt=\"Lieferdienst die Idee Wolhusen\"><\/p>\n<h3>Lieferdienst die Idee Wolhusen<\/h3>\n<\/li>\n<\/ul>\n<p><!--more--><br \/>\n<!-- {\"type\":\"layout\",\"children\":[{\"name\":\"Default Layout\",\"type\":\"section\",\"props\":{\"image_position\":\"center-center\",\"style\":\"default\",\"title_breakpoint\":\"xl\",\"title_position\":\"top-left\",\"title_rotation\":\"left\",\"vertical_align\":\"middle\",\"width\":\"large\"},\"children\":[{\"type\":\"row\",\"children\":[{\"type\":\"column\",\"props\":{\"image_position\":\"center-center\",\"position_sticky_breakpoint\":\"m\",\"width_medium\":\"1-1\"},\"children\":[{\"type\":\"headline\",\"props\":{\"content\":\"Unsere Lieferdienste\",\"title_element\":\"h1\"}},{\"type\":\"divider\",\"props\":{\"divider_element\":\"hr\",\"divider_style\":\"small\"}},{\"type\":\"text\",\"props\":{\"column_breakpoint\":\"m\",\"content\":\"\n\n<p>Auf Bestellung bringen wir f\\u00fcr Sie Str\\u00e4usse, Gestecke, Blumengr\\u00fcsse und Grusskarten mit Genesungsw\\u00fcnschen ins Regionalspital Wolhusen. Auch Hauslieferungen oder Lieferungen an regional verankerten Firmen sind gegen eine kleine Liefergeb\\u00fchr jederzeit m\\u00f6glich.<\\\/p>\\n\n\n<p>Kostenlos ist bei uns das Liefern der Trauerarrangement in die Totenkapelle in Wolhusen und Werthenstein.<br \\\/><br \\\/>Um Ihr Blumengruss rechtzeitig vorbereiten und ausliefern zu k\\u00f6nnen, k\\u00f6nnen Sie Ihre\\u00a0Bestellungen\\u00a0<a href=\\\"index.php?option=com_content&amp;view=article&amp;id=14&amp;catid=2\\\">per Mail<\\\/a>\\u00a0oder auch via Telefon unter der \\u00a0<br \\\/>Nummer \\u00a0<strong>041 490 01 42<\\\/strong>\\u00a0\\u00a0aufgeben.<br \\\/><br \\\/>Bitte beachten Sie, dass Onlinebestellungen und Hauslieferdienst nur w\\u00e4hrend unseren Laden\\u00f6ffnungszeiten und innerhalb eines halben Tages erfolgen bzw. ausgef\\u00fchrt werden k\\u00f6nnen. Terminierte Bestellungen, m\\u00fcssen deshalb mindestens einen halben Tag zum Voraus bestellt werden.<br \\\/><br \\\/><strong>Die anfallenden Lieferkosten werden wie folgt berechnet:<\\\/strong><\\\/p>\\n\n\n<ul>\\n\n\n<li><strong>Spital Wolhusen<\\\/strong>\\u00a0(bei Rechnung Fr. 7.- \\\/ bei Barzahlung Fr. 5.-)<\\\/li>\\n\n\n<li><strong>Wolhusen\\u00a0<\\\/strong>(bei Rechnung Fr. 7.- \\\/ bei Barzahlung Fr. 5.-)<\\\/li>\\n\n\n<li><strong>Werthenstein <\\\/strong>(bei Rechnung Fr. 10.- \\\/ bei Barzahlung Fr. 8.-)<\\\/li>\\n\n\n<li><strong>Ebnet<\\\/strong> (bei Rechnung Fr. 12.- \\\/ bei Barzahlung Fr. 10.-)<\\\/li>\\n\n\n<li><strong>Entlebuch<\\\/strong> (bei Rechnung Fr. 17.- \\\/ bei Barzahlung Fr. 15.-)<\\\/li>\\n\n\n<li><strong>Schachen, Menznau, Romoos, Doppleschwand, Fontannen, ganzes Entlebuch und Ruswil.<\\\/strong>\\u00a0(auf Anfrage)<\\\/li>\\n<\\\/ul>\",\"margin\":\"default\"}}]}]}]},{\"name\":\"Default Gallery\",\"type\":\"section\",\"props\":{\"image_position\":\"center-center\",\"style\":\"muted\",\"title_breakpoint\":\"xl\",\"title_position\":\"top-left\",\"title_rotation\":\"left\",\"vertical_align\":\"middle\",\"width\":\"large\"},\"children\":[{\"type\":\"row\",\"children\":[{\"type\":\"column\",\"props\":{\"image_position\":\"center-center\",\"position_sticky_breakpoint\":\"m\",\"width_medium\":\"1-1\"},\"children\":[{\"type\":\"gallery\",\"props\":{\"animation\":\"scale-up\",\"filter_align\":\"left\",\"filter_all\":true,\"filter_grid_breakpoint\":\"m\",\"filter_grid_width\":\"auto\",\"filter_position\":\"top\",\"filter_style\":\"tab\",\"grid_column_gap\":\"medium\",\"grid_default\":\"1\",\"grid_divider\":false,\"grid_masonry\":\"next\",\"grid_medium\":\"3\",\"grid_row_gap\":\"medium\",\"image_height\":\"454\",\"image_transition\":\"scale-up\",\"image_width\":\"454\",\"item_animation\":true,\"lightbox\":true,\"link_style\":\"default\",\"link_text\":\"\",\"margin\":\"default\",\"meta_align\":\"below-title\",\"meta_element\":\"div\",\"meta_style\":\"text-meta\",\"overlay_hover\":true,\"overlay_link\":true,\"overlay_mode\":\"cover\",\"overlay_position\":\"center\",\"overlay_style\":\"overlay-primary\",\"overlay_transition\":\"fade\",\"parallax_easing\":\"1\",\"show_content\":false,\"show_hover_image\":false,\"show_link\":false,\"show_meta\":false,\"show_title\":false,\"text_align\":\"center\",\"text_color\":\"light\",\"title_element\":\"h3\",\"title_hover_style\":\"reset\"},\"children\":[{\"type\":\"gallery_item\",\"props\":{\"image\":\"wp-content\\\/uploads\\\/2023\\\/06\\\/Lieferung.jpg\",\"image_alt\":\"Lieferdienst die Idee Wolhusen\",\"title\":\"Lieferdienst die Idee Wolhusen\"}},{\"type\":\"gallery_item\",\"props\":{\"image\":\"wp-content\\\/uploads\\\/2023\\\/06\\\/Lieferung_2.jpg\",\"image_alt\":\"Lieferdienst die Idee Wolhusen\",\"title\":\"Lieferdienst die Idee Wolhusen\"}},{\"type\":\"gallery_item\",\"props\":{\"image\":\"wp-content\\\/uploads\\\/2023\\\/06\\\/Lieferung_3.jpg\",\"image_alt\":\"Lieferdienst die Idee Wolhusen\",\"title\":\"Lieferdienst die Idee Wolhusen\"}},{\"type\":\"gallery_item\",\"props\":{\"image\":\"wp-content\\\/uploads\\\/2023\\\/06\\\/Lieferung_4.jpg\",\"image_alt\":\"Lieferdienst die Idee Wolhusen\",\"title\":\"Lieferdienst die Idee Wolhusen\"}},{\"type\":\"gallery_item\",\"props\":{\"image\":\"wp-content\\\/uploads\\\/2023\\\/06\\\/Lieferung_6.jpg\",\"image_alt\":\"Lieferdienst die Idee Wolhusen\",\"title\":\"Lieferdienst die Idee Wolhusen\"}},{\"type\":\"gallery_item\",\"props\":{\"image\":\"wp-content\\\/uploads\\\/2023\\\/06\\\/Lieferung_5.jpg\",\"image_alt\":\"Lieferdienst die Idee Wolhusen\",\"title\":\"Lieferdienst die Idee Wolhusen\"}}]}]}]}]}],\"version\":\"4.3.4\"} --><\/p>\n","protected":false},"excerpt":{"rendered":"<p>Unsere Lieferdienste Auf Bestellung bringen wir f\u00fcr Sie Str\u00e4usse, Gestecke, Blumengr\u00fcsse und Grusskarten mit Genesungsw\u00fcnschen ins Regionalspital Wolhusen. Auch Hauslieferungen oder Lieferungen an regional verankerten Firmen sind gegen eine kleine Liefergeb\u00fchr jederzeit m\u00f6glich. Kostenlos ist bei uns das Liefern der Trauerarrangement in die Totenkapelle in Wolhusen und Werthenstein. Um Ihr Blumengruss rechtzeitig vorbereiten und ausliefern [&hellip;]<\/p>\n","protected":false},"author":1,"featured_media":0,"parent":0,"menu_order":0,"comment_status":"closed","ping_status":"closed","template":"","meta":{"footnotes":""},"class_list":["post-19","page","type-page","status-publish","hentry"],"_links":{"self":[{"href":"https:\/\/dieidee-wolhusen.ch\/New\/wp-json\/wp\/v2\/pages\/19","targetHints":{"allow":["GET"]}}],"collection":[{"href":"https:\/\/dieidee-wolhusen.ch\/New\/wp-json\/wp\/v2\/pages"}],"about":[{"href":"https:\/\/dieidee-wolhusen.ch\/New\/wp-json\/wp\/v2\/types\/page"}],"author":[{"embeddable":true,"href":"https:\/\/dieidee-wolhusen.ch\/New\/wp-json\/wp\/v2\/users\/1"}],"replies":[{"embeddable":true,"href":"https:\/\/dieidee-wolhusen.ch\/New\/wp-json\/wp\/v2\/comments?post=19"}],"version-history":[{"count":10,"href":"https:\/\/dieidee-wolhusen.ch\/New\/wp-json\/wp\/v2\/pages\/19\/revisions"}],"predecessor-version":[{"id":714,"href":"https:\/\/dieidee-wolhusen.ch\/New\/wp-json\/wp\/v2\/pages\/19\/revisions\/714"}],"wp:attachment":[{"href":"https:\/\/dieidee-wolhusen.ch\/New\/wp-json\/wp\/v2\/media?parent=19"}],"curies":[{"name":"wp","href":"https:\/\/api.w.org\/{rel}","templated":true}]}}