{"id":5,"date":"2023-06-24T14:10:32","date_gmt":"2023-06-24T12:10:32","guid":{"rendered":"https:\/\/dieidee-wolhusen.ch\/New\/\/?page_id=5"},"modified":"2025-09-15T14:13:51","modified_gmt":"2025-09-15T12:13:51","slug":"home","status":"publish","type":"page","link":"https:\/\/dieidee-wolhusen.ch\/New\/","title":{"rendered":"Home"},"content":{"rendered":"<p><img decoding=\"async\" src=\"\/wp-content\/uploads\/2023\/06\/Logo_dieIdee_Wolhusen.png\" alt=\"Logo die Idee Wolhusen\"><\/p>\n<div>\n<p>Trauerfloristik \u2013 Hochzeitsfloristik \u2013\u00a0Pflanzen \u2013 Geschenke<\/p>\n<\/div>\n<p><p>\n        <a href=\"\/shop\/\">Zum Webshop<\/a>\n    <\/p>\n<\/p>\n<h1>Ihr Blumengesch\u00e4ft der Region Wolhusen<\/h1>\n<div>\n<p>Mit unserer Vielfalt an Ideen und Kreativit\u00e4t sind wir Ihr kompetenter Partner f\u00fcr alle Blumen- und Pflanzenw\u00fcnsche.<\/p>\n<p>Ob traditionelle Arrangements, individuelle Gestecke, festliche Accessoires oder ein bunter Blumenstrauss &#8211; wir sind gerne f\u00fcr Sie da.<\/p>\n<p>Entdecken Sie mit uns die Welt der Floristik.<\/p>\n<\/div>\n<p><p>\n        <a href=\"\/news\/\">Neuigkeiten aus dem Blumenladen<\/a>\n    <\/p>\n<\/p>\n<h1>\n<h1 class=\"uk-h2 uk-text-left@s uk-text-center\" data-id=\"page#1-0-0-4\" data-element=\"\">Nehmen Sie sich eine kreative Auszeit bei uns und gestalten Sie Ihren Adventskranz ganz einfach selbst<\/h1>\n<\/h1>\n<p><img decoding=\"async\" src=\"\/wp-content\/uploads\/2025\/09\/Adventskranz-2025-Insta.jpg\" alt=\"Logo die Idee Wolhusen\"><\/p>\n<h2>\n<h1>\u00d6ffnungszeiten<\/h1>\n<\/h2>\n<div>\n<p><strong>Montag bis Freitag:<\/strong><br \/>09:00 bis 12:00 Uhr und 13:30 bis 18:30 Uhr<\/p>\n<p><strong>Samstag:<\/strong><br \/>09:00 bis 16:00 Uhr durchgehend<\/p>\n<p>Ausserhalb der \u00d6ffnungszeiten und am Wochenende finden Sie ein Teilsortiment unserer Blumen im 24 Stunden Blumenh\u00fcsli vor dem Laden und im Top Shop (bei Landi) an der Entlebucherstrasse in Wolhusen.<\/p>\n<\/div>\n<hr>\n<p><img decoding=\"async\" src=\"\/wp-content\/uploads\/2024\/04\/Muttertag.png\" alt=\"Logo die Idee Wolhusen\"><\/p>\n<h2>Bestelle bequem \u00fcber den Webshop<\/h2>\n<ul>\n<li>\n<p>        <img decoding=\"async\" src=\"\/wp-content\/uploads\/2025\/05\/Muttertagsstrauss-in-rot_rosa.png\" alt=\"Webshop Str\u00e4usse\"><\/p>\n<h3>Strauss<\/h3>\n<p><a href=\"\/produkte\/straeusse\/\"><\/a><\/p>\n<\/li>\n<li>\n<p>        <img decoding=\"async\" src=\"\/wp-content\/uploads\/2023\/06\/Lieferung_4.jpg\" alt=\"Webshop Gestecke\"><\/p>\n<h3>Gesteck<\/h3>\n<p><a href=\"\/produkte\/gestecke\/\"><\/a><\/p>\n<\/li>\n<li>\n<p>        <img decoding=\"async\" src=\"\/wp-content\/uploads\/2024\/02\/Kalanchoe_Glueckwunsch.png\" alt=\"Webshop Pflanzen\"><\/p>\n<h3>Pflanze<\/h3>\n<p><a href=\"\/produkte\/pflanzen\/\"><\/a><\/p>\n<\/li>\n<li>\n<p>        <img decoding=\"async\" src=\"\/wp-content\/uploads\/2024\/04\/Yogurette-Herz-e1713788383160.jpg\" alt=\"Webshop Geschenkartikel\"><\/p>\n<h3>Geschenkartikel<\/h3>\n<p><a href=\"\/produkte\/geschenkartikel\/\"><\/a><\/p>\n<\/li>\n<\/ul>\n<p><p>\n        <a href=\"\/shop\/\">Online bestellen<\/a>\n    <\/p>\n<\/p>\n<h2>Unsere Dienstleistungen<\/h2>\n<hr>\n<div>\n<p>Als Floristen mit Leib und Seele sind wir die richtigen Ansprechpartner wenn es um Blumenarrangements, trendige Floristik sowie Pflanzenarrangements\u00a0 geht.<\/p>\n<p>Pflanzen sind der Garant f\u00fcr Wohlbefinden und Lifestyle. Ob zu Hause, im B\u00fcro oder im Alltag. Wir haben das\u00a0richtige Angebot\u00a0f\u00fcr Sie.<\/p>\n<p>Ausserhalb der \u00d6ffnungszeiten finden Sie unsere Blumen im Landi Top Shop Wolhusen oder im 24 Stunden Blumenh\u00fcsli vor dem Laden hat es Gestecke und Rosen im K\u00fchler.\u00a0 Diverse Geschenkartikel und Aussenpflanzen sind f\u00fcr sie zum Einkaufen bereit.<\/p>\n<\/div>\n<ul>\n<li>\n<p>\n        <a href=\"\/hauslieferung\/\">Hauslieferung<\/a>\n    <\/p>\n<\/li>\n<li>\n<p>\n        <a href=\"\/blumenabo\/\">Blumenabo<\/a>\n    <\/p>\n<\/li>\n<\/ul>\n<p><img decoding=\"async\" src=\"\/wp-content\/uploads\/2023\/06\/Pflanzen-1.jpg\" alt=\"\"><\/p>\n<p><!--more--><br \/>\n<!-- {\"type\":\"layout\",\"children\":[{\"name\":\"Hero\",\"type\":\"section\",\"props\":{\"animation\":\"slide-bottom\",\"animation_delay\":\"200\",\"css\":\".uk-grid {\\n    background: url(images\\\/Administrator\\\/bg.png) 50% 50% no-repeat;\\n    background-size: contain;\\n    padding-bottom: 100px;\\n    padding-top: 80px;\\n    margin-bottom: 100px;\\n}\",\"header_transparent\":true,\"header_transparent_text_color\":\"light\",\"height_viewport\":true,\"image\":\"wp-content\\\/uploads\\\/2023\\\/06\\\/background.png\",\"image_height\":\"1000\",\"image_loading\":true,\"image_position\":\"bottom-left\",\"image_size\":\"cover\",\"overlap\":false,\"padding\":\"none\",\"style\":\"default\",\"title_breakpoint\":\"xl\",\"title_position\":\"top-left\",\"title_rotation\":\"left\",\"vertical_align\":\"\",\"width\":\"large\"},\"children\":[{\"type\":\"row\",\"children\":[{\"type\":\"column\",\"props\":{\"image\":\"wp-content\\\/uploads\\\/2023\\\/06\\\/bg.png\",\"image_position\":\"center-center\",\"image_size\":\"cover\",\"position_sticky_breakpoint\":\"m\",\"width_medium\":\"1-1\"},\"children\":[{\"type\":\"image\",\"props\":{\"css\":\".el-image { margin-left: -25px; }\",\"image\":\"wp-content\\\/uploads\\\/2023\\\/06\\\/Logo_dieIdee_Wolhusen.png\",\"image_alt\":\"Logo die Idee Wolhusen\",\"image_height\":\"400\",\"image_loading\":true,\"image_svg_color\":\"emphasis\",\"link_aria_label\":\"Die Idee Logo\",\"margin\":\"remove-vertical\",\"text_align\":\"center\"}},{\"type\":\"text\",\"props\":{\"animation\":\"slide-bottom\",\"column_breakpoint\":\"m\",\"content\":\"\n\n<p>Trauerfloristik \\u2013 Hochzeitsfloristik \\u2013\\u00a0Pflanzen \\u2013 Geschenke<\\\/p>\",\"margin\":\"small\",\"text_align\":\"center\",\"text_style\":\"lead\"}},{\"type\":\"button\",\"props\":{\"grid_column_gap\":\"small\",\"grid_row_gap\":\"small\",\"margin\":\"default\",\"text_align\":\"center\",\"visibility\":\"hidden-m\"},\"children\":[{\"type\":\"button_item\",\"props\":{\"button_style\":\"primary\",\"content\":\"Zum Webshop\",\"dialog_layout\":\"modal\",\"dialog_offcanvas_flip\":true,\"icon\":\"bag\",\"icon_align\":\"left\",\"link\":\"shop\\\/\",\"link_aria_label\":\"Button Zum Webshop\",\"link_title\":\"Zum Webshop\"}}]}]}],\"props\":{\"divider\":false}}]},{\"type\":\"section\",\"props\":{\"image_position\":\"center-center\",\"padding_remove_top\":true,\"style\":\"default\",\"title_breakpoint\":\"xl\",\"title_position\":\"top-left\",\"title_rotation\":\"left\",\"vertical_align\":\"\",\"width\":\"large\"},\"children\":[{\"type\":\"row\",\"props\":{\"layout\":\"2-3,1-3\",\"margin_remove_bottom\":false},\"children\":[{\"type\":\"column\",\"props\":{\"image_position\":\"center-center\",\"position_sticky_breakpoint\":\"m\",\"width_medium\":\"2-3\"},\"children\":[{\"type\":\"headline\",\"props\":{\"block_align\":\"center\",\"content\":\"Ihr Blumengesch\\u00e4ft der Region Wolhusen\",\"text_align\":\"left\",\"text_align_breakpoint\":\"s\",\"text_align_fallback\":\"center\",\"title_element\":\"h1\",\"title_style\":\"h2\"}},{\"type\":\"divider\",\"props\":{\"divider_align\":\"left\",\"divider_align_breakpoint\":\"s\",\"divider_align_fallback\":\"center\",\"divider_element\":\"div\",\"divider_style\":\"small\"}},{\"type\":\"text\",\"props\":{\"column_breakpoint\":\"m\",\"content\":\"\n\n<p>Mit unserer Vielfalt an Ideen und Kreativit\\u00e4t sind wir Ihr kompetenter Partner f\\u00fcr alle Blumen- und Pflanzenw\\u00fcnsche.<\\\/p>\\n\n\n<p>Ob traditionelle Arrangements, individuelle Gestecke, festliche Accessoires oder ein bunter Blumenstrauss - wir sind gerne f\\u00fcr Sie da.<\\\/p>\\n\n\n<p>Entdecken Sie mit uns die Welt der Floristik.<\\\/p>\",\"margin\":\"default\"}},{\"type\":\"button\",\"props\":{\"grid_column_gap\":\"small\",\"grid_row_gap\":\"small\",\"margin\":\"default\"},\"children\":[{\"type\":\"button_item\",\"props\":{\"button_style\":\"primary\",\"content\":\"Neuigkeiten aus dem Blumenladen\",\"dialog_layout\":\"modal\",\"dialog_offcanvas_flip\":true,\"icon\":\"star\",\"icon_align\":\"left\",\"link\":\"news\\\/\",\"link_target\":\"blank\"}}]},{\"type\":\"headline\",\"props\":{\"block_align\":\"center\",\"content\":\"\n\n<h1 class=\\\"uk-h2 uk-text-left@s uk-text-center\\\" data-id=\\\"page#1-0-0-4\\\" data-element=\\\"\\\">Nehmen Sie sich eine kreative Auszeit bei uns und gestalten Sie Ihren Adventskranz ganz einfach selbst<\\\/h1>\",\"text_align\":\"left\",\"text_align_breakpoint\":\"s\",\"text_align_fallback\":\"center\",\"title_element\":\"h1\",\"title_style\":\"h2\"}},{\"type\":\"image\",\"props\":{\"css\":\".el-image { margin-left: -25px; }\",\"image\":\"wp-content\\\/uploads\\\/2025\\\/09\\\/Adventskranz-2025-Insta.jpg\",\"image_alt\":\"Logo die Idee Wolhusen\",\"image_height\":600,\"image_loading\":true,\"image_svg_color\":\"emphasis\",\"link_aria_label\":\"Die Idee Logo\",\"margin\":\"remove-vertical\",\"text_align\":\"center\"}}]},{\"type\":\"column\",\"props\":{\"image_position\":\"center-center\",\"padding\":\"xsmall\",\"position_sticky_breakpoint\":\"m\",\"style\":\"tile-muted\",\"width_medium\":\"1-3\"},\"children\":[{\"type\":\"headline\",\"props\":{\"content\":\"\n\n<h1>\\u00d6ffnungszeiten<\\\/h1>\",\"title_element\":\"h2\",\"title_style\":\"h5\"}},{\"type\":\"text\",\"props\":{\"column_breakpoint\":\"m\",\"content\":\"\n\n<p><strong>Montag bis Freitag:<\\\/strong><br \\\/>09:00 bis 12:00 Uhr und 13:30 bis 18:30 Uhr<\\\/p>\\n\n\n<p><strong>Samstag:<\\\/strong><br \\\/>09:00 bis 16:00 Uhr durchgehend<\\\/p>\\n\n\n<p>Ausserhalb der \\u00d6ffnungszeiten und am Wochenende finden Sie ein Teilsortiment unserer Blumen im 24 Stunden Blumenh\\u00fcsli vor dem Laden und im Top Shop (bei Landi) an der Entlebucherstrasse in Wolhusen.<\\\/p>\",\"margin\":\"default\"}},{\"type\":\"divider\",\"props\":{\"divider_element\":\"hr\",\"divider_style\":\"small\"}},{\"type\":\"image\",\"props\":{\"css\":\".el-image { margin-left: -25px; }\",\"image\":\"wp-content\\\/uploads\\\/2024\\\/04\\\/Muttertag.png\",\"image_alt\":\"Logo die Idee Wolhusen\",\"image_height\":\"400\",\"image_loading\":true,\"image_svg_color\":\"emphasis\",\"link_aria_label\":\"Die Idee Logo\",\"margin\":\"remove-vertical\",\"text_align\":\"center\"}}]}]}]},{\"name\":\"Latest places\",\"type\":\"section\",\"props\":{\"animation\":\"fade\",\"height_viewport\":false,\"image_position\":\"center-center\",\"image_size\":\"cover\",\"overlap\":true,\"padding_remove_bottom\":false,\"padding_remove_top\":false,\"style\":\"muted\",\"title_breakpoint\":\"xl\",\"title_position\":\"top-left\",\"title_rotation\":\"left\",\"vertical_align\":\"\",\"width\":\"large\"},\"children\":[{\"type\":\"row\",\"props\":{\"column_gap\":\"medium\",\"row_gap\":\"medium\"},\"children\":[{\"type\":\"column\",\"props\":{\"image_position\":\"center-center\",\"position_sticky_breakpoint\":\"m\",\"vertical_align\":\"middle\",\"width_medium\":\"1-1\"},\"children\":[{\"type\":\"headline\",\"props\":{\"content\":\"Bestelle bequem \\u00fcber den Webshop\",\"title_element\":\"h2\",\"title_style\":\"h2\"}},{\"type\":\"divider\",\"props\":{\"divider_align\":\"left\",\"divider_align_breakpoint\":\"s\",\"divider_align_fallback\":\"center\",\"divider_element\":\"div\",\"divider_style\":\"small\"}},{\"type\":\"grid\",\"props\":{\"animation\":\"slide-left-medium\",\"content_column_breakpoint\":\"m\",\"filter_align\":\"left\",\"filter_all\":true,\"filter_grid_breakpoint\":\"m\",\"filter_grid_width\":\"auto\",\"filter_position\":\"top\",\"filter_style\":\"tab\",\"grid_default\":\"1\",\"grid_medium\":\"4\",\"grid_small\":\"2\",\"icon_width\":80,\"image_align\":\"top\",\"image_grid_breakpoint\":\"m\",\"image_grid_width\":\"1-2\",\"image_svg_color\":\"emphasis\",\"item_animation\":true,\"lightbox_bg_close\":true,\"link_style\":\"text\",\"link_text\":\"\",\"margin\":\"default\",\"meta_align\":\"below-title\",\"meta_element\":\"div\",\"meta_style\":\"text-meta\",\"panel_image_no_padding\":true,\"panel_link\":true,\"panel_link_hover\":\"true\",\"panel_padding\":\"default\",\"panel_style\":\"tile-default\",\"show_content\":true,\"show_hover_image\":true,\"show_hover_video\":true,\"show_image\":true,\"show_link\":true,\"show_meta\":true,\"show_title\":true,\"show_video\":true,\"title_align\":\"top\",\"title_element\":\"h3\",\"title_grid_breakpoint\":\"m\",\"title_grid_width\":\"1-2\",\"title_hover_style\":\"reset\",\"title_style\":\"h4\"},\"children\":[{\"type\":\"grid_item\",\"props\":{\"image\":\"wp-content\\\/uploads\\\/2025\\\/05\\\/Muttertagsstrauss-in-rot_rosa.png\",\"image_alt\":\"Webshop Str\\u00e4usse\",\"link\":\"\\\/produkte\\\/straeusse\\\/\",\"title\":\"Strauss\"}},{\"type\":\"grid_item\",\"props\":{\"image\":\"wp-content\\\/uploads\\\/2023\\\/06\\\/Lieferung_4.jpg\",\"image_alt\":\"Webshop Gestecke\",\"link\":\"\\\/produkte\\\/gestecke\\\/\",\"title\":\"Gesteck\"}},{\"type\":\"grid_item\",\"props\":{\"image\":\"wp-content\\\/uploads\\\/2024\\\/02\\\/Kalanchoe_Glueckwunsch.png\",\"image_alt\":\"Webshop Pflanzen\",\"link\":\"\\\/produkte\\\/pflanzen\\\/\",\"title\":\"Pflanze\"}},{\"type\":\"grid_item\",\"props\":{\"image\":\"wp-content\\\/uploads\\\/2024\\\/04\\\/Yogurette-Herz-e1713788383160.jpg\",\"image_alt\":\"Webshop Geschenkartikel\",\"link\":\"\\\/produkte\\\/geschenkartikel\\\/\",\"title\":\"Geschenkartikel\"}}]},{\"type\":\"button\",\"props\":{\"grid_column_gap\":\"small\",\"grid_row_gap\":\"small\",\"margin\":\"default\"},\"children\":[{\"type\":\"button_item\",\"props\":{\"button_style\":\"primary\",\"content\":\"Online bestellen\",\"dialog_layout\":\"modal\",\"dialog_offcanvas_flip\":true,\"icon_align\":\"left\",\"link\":\"shop\\\/\"}}]}]}]}]},{\"type\":\"section\",\"props\":{\"image_position\":\"center-center\",\"style\":\"default\",\"title_breakpoint\":\"xl\",\"title_position\":\"top-left\",\"title_rotation\":\"left\",\"vertical_align\":\"\",\"width\":\"large\"},\"children\":[{\"type\":\"row\",\"props\":{\"layout\":\"2-3,1-3\"},\"children\":[{\"type\":\"column\",\"props\":{\"image_position\":\"center-center\",\"position_sticky_breakpoint\":\"m\",\"width_medium\":\"2-3\"},\"children\":[{\"type\":\"headline\",\"props\":{\"content\":\"Unsere Dienstleistungen\",\"title_element\":\"h2\",\"title_style\":\"h2\"}},{\"type\":\"divider\",\"props\":{\"divider_element\":\"hr\",\"divider_style\":\"small\"}},{\"type\":\"text\",\"props\":{\"column_breakpoint\":\"m\",\"content\":\"\n\n<p>Als Floristen mit Leib und Seele sind wir die richtigen Ansprechpartner wenn es um Blumenarrangements, trendige Floristik sowie Pflanzenarrangements\\u00a0 geht.<\\\/p>\\n\n\n<p>Pflanzen sind der Garant f\\u00fcr Wohlbefinden und Lifestyle. Ob zu Hause, im B\\u00fcro oder im Alltag. Wir haben das\\u00a0richtige Angebot\\u00a0f\\u00fcr Sie.<\\\/p>\\n\n\n<p>Ausserhalb der \\u00d6ffnungszeiten finden Sie unsere Blumen im Landi Top Shop Wolhusen oder im 24 Stunden Blumenh\\u00fcsli vor dem Laden hat es Gestecke und Rosen im K\\u00fchler.\\u00a0 Diverse Geschenkartikel und Aussenpflanzen sind f\\u00fcr sie zum Einkaufen bereit.<\\\/p>\",\"margin\":\"default\"}},{\"type\":\"button\",\"props\":{\"grid_column_gap\":\"medium\",\"grid_row_gap\":\"small\",\"margin\":\"default\"},\"children\":[{\"type\":\"button_item\",\"props\":{\"button_style\":\"primary\",\"content\":\"Hauslieferung\",\"dialog_layout\":\"modal\",\"dialog_offcanvas_flip\":true,\"icon_align\":\"left\",\"link\":\"hauslieferung\\\/\",\"link_aria_label\":\"Dienstleistung Hauslieferung\"}},{\"type\":\"button_item\",\"props\":{\"button_style\":\"primary\",\"content\":\"Blumenabo\",\"dialog_layout\":\"modal\",\"dialog_offcanvas_flip\":true,\"icon\":\"\",\"icon_align\":\"right\",\"link\":\"blumenabo\\\/\",\"link_aria_label\":\"Dienstleistung Blumenabo\"}}]}]},{\"type\":\"column\",\"props\":{\"image_position\":\"center-center\",\"position_sticky_breakpoint\":\"m\",\"width_medium\":\"1-3\"},\"children\":[{\"type\":\"image\",\"props\":{\"image\":\"wp-content\\\/uploads\\\/2023\\\/06\\\/Pflanzen-1.jpg\",\"image_border\":\"pill\",\"image_svg_color\":\"emphasis\",\"margin\":\"default\",\"visibility\":\"m\"}}]}]}],\"name\":\"Dienstleistungen\"}],\"version\":\"4.5.26\"} --><\/p>\n","protected":false},"excerpt":{"rendered":"<p>Trauerfloristik \u2013 Hochzeitsfloristik \u2013\u00a0Pflanzen \u2013 Geschenke Zum Webshop Ihr Blumengesch\u00e4ft der Region Wolhusen Mit unserer Vielfalt an Ideen und Kreativit\u00e4t sind wir Ihr kompetenter Partner f\u00fcr alle Blumen- und Pflanzenw\u00fcnsche. Ob traditionelle Arrangements, individuelle Gestecke, festliche Accessoires oder ein bunter Blumenstrauss &#8211; wir sind gerne f\u00fcr Sie da. Entdecken Sie mit uns die Welt der [&hellip;]<\/p>\n","protected":false},"author":1,"featured_media":0,"parent":0,"menu_order":0,"comment_status":"closed","ping_status":"closed","template":"","meta":{"footnotes":""},"class_list":["post-5","page","type-page","status-publish","hentry"],"_links":{"self":[{"href":"https:\/\/dieidee-wolhusen.ch\/New\/wp-json\/wp\/v2\/pages\/5","targetHints":{"allow":["GET"]}}],"collection":[{"href":"https:\/\/dieidee-wolhusen.ch\/New\/wp-json\/wp\/v2\/pages"}],"about":[{"href":"https:\/\/dieidee-wolhusen.ch\/New\/wp-json\/wp\/v2\/types\/page"}],"author":[{"embeddable":true,"href":"https:\/\/dieidee-wolhusen.ch\/New\/wp-json\/wp\/v2\/users\/1"}],"replies":[{"embeddable":true,"href":"https:\/\/dieidee-wolhusen.ch\/New\/wp-json\/wp\/v2\/comments?post=5"}],"version-history":[{"count":173,"href":"https:\/\/dieidee-wolhusen.ch\/New\/wp-json\/wp\/v2\/pages\/5\/revisions"}],"predecessor-version":[{"id":1122,"href":"https:\/\/dieidee-wolhusen.ch\/New\/wp-json\/wp\/v2\/pages\/5\/revisions\/1122"}],"wp:attachment":[{"href":"https:\/\/dieidee-wolhusen.ch\/New\/wp-json\/wp\/v2\/media?parent=5"}],"curies":[{"name":"wp","href":"https:\/\/api.w.org\/{rel}","templated":true}]}}